{"id":25841,"date":"2023-12-09T13:44:32","date_gmt":"2023-12-09T10:44:32","guid":{"rendered":"https:\/\/fin-regulator.com\/?page_id=25841"},"modified":"2025-09-17T10:46:28","modified_gmt":"2025-09-17T07:46:28","slug":"our-partners","status":"publish","type":"page","link":"https:\/\/fin-regulator.com\/de\/our-partners\/","title":{"rendered":"Unsere Partner"},"content":{"rendered":"<p data-start=\"91\" data-end=\"279\">[vc_row][vc_column][vc_row_inner][vc_column_inner width=&#8221;1\/4&#8243;][vc_empty_space][vc_single_image image=&#8221;25788&#8243; img_size=&#8221;full&#8221;][\/vc_column_inner][vc_column_inner width=&#8221;3\/4&#8243;][vc_column_text]<\/p>\n<p data-start=\"281\" data-end=\"297\">FINANCE MAGNATES<\/p>\n<p data-start=\"299\" data-end=\"987\">Finance Magnates (Forex Magnates) ist ein spezialisiertes Portal, das bereits 2009 gegr\u00fcndet wurde. Sein Hauptziel ist die Ver\u00f6ffentlichung von Nachrichten aus der Welt des Finanzhandels sowie die Darstellung bew\u00e4hrter Praktiken. Das Portal dient als Hauptressource f\u00fcr die Mehrheit der f\u00fchrenden Pers\u00f6nlichkeiten in der Forex-Branche. Der Gr\u00fcnder ist Michael Greenberg, der seit mehreren Jahrzehnten als einer der besten Spezialisten im Bereich Finanz- und Digitalw\u00e4hrungen gilt. Die Nutzung des Portals erm\u00f6glicht es, mit f\u00fchrenden Tradern auf einer Wellenl\u00e4nge zu bleiben, neue Informationen zu erhalten und sich \u00fcber alle Ereignisse im Zusammenhang mit dem Finanzmarkt zu informieren.<\/p>\n<p data-start=\"989\" data-end=\"1208\">[\/vc_column_text][\/vc_column_inner][\/vc_row_inner][vc_row_inner][vc_column_inner width=&#8221;1\/4&#8243;][vc_empty_space][vc_single_image image=&#8221;25789&#8243; img_size=&#8221;full&#8221;][\/vc_column_inner][vc_column_inner width=&#8221;3\/4&#8243;][vc_column_text]<\/p>\n<p data-start=\"1210\" data-end=\"1225\">LAWITT HAMILTON<\/p>\n<p data-start=\"1227\" data-end=\"2131\">Lawitt Hamilton ist ein internationales Beratungsunternehmen mit Hauptsitz im Vereinigten K\u00f6nigreich und B\u00fcros in Russland, Zypern und der T\u00fcrkei. Das Unternehmen bietet Steuer- und Rechtsdienstleistungen f\u00fcr Firmen- und Privatkunden weltweit an. Die Kanzlei ber\u00e4t ihre Mandanten in den Bereichen Bank- und Finanzwesen, geistiges Eigentum und TMT, Handelsrecht, Gesellschaftsrecht, Fusionen und \u00dcbernahmen, Medizinrecht und Pharmazie, internationales Steuerrecht, See- und Transportrecht, Immobilien und Bauwesen, Wohlt\u00e4tigkeit, Streitbeilegung, Registrierung und Unternehmensbetreuung f\u00fcr russische und internationale Unternehmen sowie im Sportrecht. Das Unternehmen betreut Privatkunden, Forex- und Blockchain-Firmen und engagiert sich au\u00dferdem im pro bono Bereich. Dank des breiten Fachwissens seines Teams kann das Unternehmen seinen Kunden umfassende rechtliche und steuerliche Unterst\u00fctzung bieten.<\/p>\n<p data-start=\"2133\" data-end=\"2352\">[\/vc_column_text][\/vc_column_inner][\/vc_row_inner][vc_row_inner][vc_column_inner width=&#8221;1\/4&#8243;][vc_empty_space][vc_single_image image=&#8221;25790&#8243; img_size=&#8221;full&#8221;][\/vc_column_inner][vc_column_inner width=&#8221;3\/4&#8243;][vc_column_text]<\/p>\n<p data-start=\"2354\" data-end=\"2369\">OFFSHORELICENSE<\/p>\n<p data-start=\"2371\" data-end=\"3131\">Offshorelicense ist ein zuverl\u00e4ssiger Partner bei der Gr\u00fcndung neuer Offshore- und Onshore-Unternehmen. Zu den St\u00e4rken des Unternehmens geh\u00f6ren hochqualifiziertes Personal, eine moderne technologische Basis, ein breites Partnernetzwerk und eine globale geografische Pr\u00e4senz mit B\u00fcros in London, Hongkong, Zypern, Prag und Riga. Offshorelicense wurde 2014 gegr\u00fcndet und ist auf die Bereitstellung von L\u00f6sungen f\u00fcr die Unternehmensgr\u00fcndung und Corporate Services, Lizenzen f\u00fcr Forex-, Bin\u00e4rfirmen, Finanzintermedi\u00e4re und die Gl\u00fccksspielbranche, Unterst\u00fctzung bei Bank- und Handelsdienstleistungen sowie Buchhaltungs- und Pr\u00fcfungsleistungen und die Schaffung schl\u00fcsselfertiger L\u00f6sungen f\u00fcr verschiedene Plattformen (Forex, Binaries, Gambling u. a.) spezialisiert.<\/p>\n<p data-start=\"3133\" data-end=\"3352\">[\/vc_column_text][\/vc_column_inner][\/vc_row_inner][vc_row_inner][vc_column_inner width=&#8221;1\/4&#8243;][vc_empty_space][vc_single_image image=&#8221;25791&#8243; img_size=&#8221;full&#8221;][\/vc_column_inner][vc_column_inner width=&#8221;3\/4&#8243;][vc_column_text]<\/p>\n<p data-start=\"3354\" data-end=\"3360\">DARTEK<\/p>\n<p data-start=\"3362\" data-end=\"4254\">DARTEK ist ein Unternehmen im Bereich Werbung und Marketing, Dienstleistungen f\u00fcr Forex-Broker und Beratung. Das Unternehmen bietet Zugang zu einem globalen Werbenetzwerk mit Pr\u00e4senz in Europa, der GUS und Asien, das monatlich mehr als 50 Milliarden Impressionen verzeichnet. Es bietet sowohl klassische Werbedienstleistungen als auch fortschrittliche Technologien, die bei Brokern sehr gefragt sind und helfen, neue Kundensegmente zu erschlie\u00dfen und die Marke zu entwickeln. Der Gr\u00fcnder und die Partner von DARTEK verf\u00fcgen \u00fcber mehr als 30 Jahre gemeinsame Erfahrung in der Zusammenarbeit mit Unternehmen der Forex-Branche, in der Beratung von Kunden in den Bereichen Regulierung, Werbung und Markenbildung, Kundengewinnung und Gesch\u00e4ftsentwicklung. Ihr Fachwissen hilft Brokern, auf gesetzliche \u00c4nderungen vorbereitet zu sein, Wettbewerbsvorteile aufzubauen und Gesch\u00e4ftsl\u00f6sungen zu finden.<\/p>\n<p data-start=\"4256\" data-end=\"4475\">[\/vc_column_text][\/vc_column_inner][\/vc_row_inner][vc_row_inner][vc_column_inner width=&#8221;1\/4&#8243;][vc_empty_space][vc_single_image image=&#8221;25793&#8243; img_size=&#8221;full&#8221;][\/vc_column_inner][vc_column_inner width=&#8221;3\/4&#8243;][vc_column_text]<\/p>\n<p data-start=\"4477\" data-end=\"4492\">VERIFY MY TRADE<\/p>\n<p data-start=\"4494\" data-end=\"5241\">Verify My Trade ist ein unabh\u00e4ngiges Datenrepository, das eine Nachhandelsanalyse der Auftragsausf\u00fchrung bei einzelnen Forex-Transaktionen bietet. Verify My Trade sammelt Preisdaten aus dem Forex-Markt von Retail-Brokern in seinem Repository und verwendet die Methode des \u201eBoxplots\u201c (Kastendiagramm), um Transaktionen nach Ausf\u00fchrungsqualit\u00e4t f\u00fcr jede Sekunde der Handelswoche zu segmentieren. Die Analyseergebnisse erm\u00f6glichen es Tradern, Zugang zu einem gr\u00f6\u00dferen Datenvolumen zu erhalten, da sie die Bewertung der Ausf\u00fchrungsqualit\u00e4t jeder einzelnen Transaktion mithilfe des Analyse-Dienstes Verify My Trade erlauben. Dies macht ihn f\u00fcr alle Parteien vorteilhaft, wenn es um Handelsstreitigkeiten im Zusammenhang mit der Auftragsausf\u00fchrung geht.<\/p>\n<p data-start=\"5243\" data-end=\"5462\">[\/vc_column_text][\/vc_column_inner][\/vc_row_inner][vc_row_inner][vc_column_inner width=&#8221;1\/4&#8243;][vc_empty_space][vc_single_image image=&#8221;25794&#8243; img_size=&#8221;full&#8221;][\/vc_column_inner][vc_column_inner width=&#8221;3\/4&#8243;][vc_column_text]<\/p>\n<p data-start=\"5464\" data-end=\"5476\">FDCTECH, INC<\/p>\n<p data-start=\"5478\" data-end=\"6069\">FDCTech, Inc. wurde am 21. Januar 2016 gegr\u00fcndet und bietet Software, spezialisierte Technologien sowie Managementl\u00f6sungen f\u00fcr Broker an. Zu den Dienstleistungen von FDCTech geh\u00f6rt der bevorstehende Start von FXi Pro 5.0 \u2013 einer Handelsplattform f\u00fcr FX \/ CFD \/ Krypto, die FIX API, Webtrader Gateway, ein Backoffice-Berichtssystem f\u00fcr Unternehmen sowie achtstellige Preise f\u00fcr Kryptow\u00e4hrungen und ein MT4-Plugin bietet. MetaQuotes-Nutzer k\u00f6nnen au\u00dferdem das neue Back Office 3.0-System, das f\u00fcr MT5 verf\u00fcgbar ist, nutzen, um ihre IBs, Operations, Risk, CRM und Partnerportale zu integrieren.<\/p>\n<p data-start=\"6071\" data-end=\"6540\">[\/vc_column_text][\/vc_column_inner][\/vc_row_inner][vc_empty_space]\n\n\t<div class=\"mkd-call-to-action with-icon\" style=\"padding: 20px;;background-color: #043f71;\">\n\n\t\t\t\t<div class=\"mkd-container-inner\">\n\t\t\t\t\t<div class=\"mkd-call-to-action-row-75-25 clearfix\">\n\t\t\n\t\t\t\t<div class=\"mkd-text-wrapper mkd-call-to-action-column1 mkd-call-to-action-cell\">\n\n\t\t\t\t\t\t\t\t\t<div class=\"mkd-call-to-action-icon-holder\">\n\t\t\t\t\t\t<div class=\"mkd-call-to-action-icon\">\n\t\t\t\t\t\t\t<div class=\"mkd-call-to-action-icon-inner\">\n\t\t\t\t\t\t\t\t<i class=\"mkd-icon-font-awesome fa fa-home \" style=\"font-size: 24px;color: #ffffff\" ><\/i>\t\t\t\t\t\t\t<\/div>\n\t\t\t\t\t\t<\/div>\n\t\t\t\t\t<\/div>\n\t\t\t\t\n\t\t\t\t\t<div class=\"mkd-call-to-action-text\" >\n\t\t\t\t\t\t\n<p data-start=\"6542\" data-end=\"6583\">Haben Sie noch Fragen? Schreiben Sie uns!<\/p>\n<p data-start=\"6585\" data-end=\"6629\">\t\t\t\t\t<\/div>\n\n\t\t\t\t<\/div>\n\n\t\t\t\t\n\t\t\t\t\t<div class=\"mkd-button-wrapper mkd-call-to-action-column2 mkd-call-to-action-cell\" style =\"text-align: right ;\">\n\n\t\t\t\t\t\t<a href=\"\/contact\/\" target=\"_self\"  class=\"mkd-btn mkd-btn-medium mkd-btn-solid mkd-btn-custom-hover-bg mkd-btn-custom-hover-color\" data-hover-bg-color=\"#ffffff\" data-hover-color=\"#1e73be\" >\t<span class=\"mkd-btn-text-holder\">\t\t<span class=\"mkd-btn-text\">Mitgliederliste<\/span>\t\t\t<\/span>\t<\/a>\n\t\t\t\t\t<\/div>\n\n\t\t\t\t\n\t\t\t<\/div>\n\n\t\t\t\t<\/div>\n\t\t\n\t<\/div>\n\n[\/vc_column][\/vc_row]<\/p>\n","protected":false},"excerpt":{"rendered":"<p>[vc_row][vc_column][vc_row_inner][vc_column_inner width=&#8221;1\/4&#8243;][vc_empty_space][vc_single_image image=&#8221;25788&#8243; img_size=&#8221;full&#8221;][\/vc_column_inner][vc_column_inner width=&#8221;3\/4&#8243;][vc_column_text] FINANCE MAGNATES Finance Magnates (Forex Magnates) ist ein spezialisiertes Portal, das bereits 2009 gegr\u00fcndet wurde. Sein Hauptziel ist die Ver\u00f6ffentlichung von Nachrichten aus der Welt des Finanzhandels sowie die Darstellung bew\u00e4hrter Praktiken. Das Portal dient als Hauptressource f\u00fcr die Mehrheit&#8230;<\/p>\n","protected":false},"author":1,"featured_media":0,"parent":0,"menu_order":0,"comment_status":"closed","ping_status":"closed","template":"","meta":{"inline_featured_image":false,"footnotes":""},"translation":{"provider":"WPGlobus","version":"3.0.0","language":"de","enabled_languages":["ru","en","fr","es","de"],"languages":{"ru":{"title":true,"content":true,"excerpt":false},"en":{"title":true,"content":true,"excerpt":false},"fr":{"title":true,"content":true,"excerpt":false},"es":{"title":true,"content":true,"excerpt":false},"de":{"title":true,"content":true,"excerpt":false}}},"_links":{"self":[{"href":"https:\/\/fin-regulator.com\/de\/wp-json\/wp\/v2\/pages\/25841"}],"collection":[{"href":"https:\/\/fin-regulator.com\/de\/wp-json\/wp\/v2\/pages"}],"about":[{"href":"https:\/\/fin-regulator.com\/de\/wp-json\/wp\/v2\/types\/page"}],"author":[{"embeddable":true,"href":"https:\/\/fin-regulator.com\/de\/wp-json\/wp\/v2\/users\/1"}],"replies":[{"embeddable":true,"href":"https:\/\/fin-regulator.com\/de\/wp-json\/wp\/v2\/comments?post=25841"}],"version-history":[{"count":10,"href":"https:\/\/fin-regulator.com\/de\/wp-json\/wp\/v2\/pages\/25841\/revisions"}],"predecessor-version":[{"id":26274,"href":"https:\/\/fin-regulator.com\/de\/wp-json\/wp\/v2\/pages\/25841\/revisions\/26274"}],"wp:attachment":[{"href":"https:\/\/fin-regulator.com\/de\/wp-json\/wp\/v2\/media?parent=25841"}],"curies":[{"name":"wp","href":"https:\/\/api.w.org\/{rel}","templated":true}]}}